{"id":989064,"date":"2021-10-25T18:09:42","date_gmt":"2021-10-25T16:09:42","guid":{"rendered":"https:\/\/giboinprod.wpenginepowered.com\/boutique\/napoleon-reserve-de-castex\/"},"modified":"2024-12-24T11:57:35","modified_gmt":"2024-12-24T10:57:35","slug":"napoleon","status":"publish","type":"product","link":"https:\/\/giboincognac.com\/en\/boutique\/napoleon\/","title":{"rendered":"Napol\u00e9on"},"content":{"rendered":"<div class=\"vgblk-rw-wrapper limit-wrapper\">10 to 15 year-old blend. This cognac has been dedicated to G\u00e9n\u00e9ral de Castex, 2-starred general under Napol\u00e9on 1st. Pierre de Castex led a cavalry regiment during Napol\u00e9on&#8217;s Russia campaign in 1813: circled by the Russians, the General saved his men while they built sleds to cross over the frozen river &#8216;Berezina&#8217;. After this feat, Napol\u00e9on told him: &#8220;Castex, you are a brave man. I make you General&#8221;. Pierre-Louis Giboin says a word: &#8220;It&#8217;s my favorite cognac as it brings what I expect when I drink a cognac: a deep and burnt nose, roundness in the mouth, and long and sensual finish.&#8221;<\/p>\n<p>We chose to showcase the bottle in its case, while ensuring that this case is more than just a simple case&#8230; Discover it all for yourself&#8230;<\/p><\/div>\n<p><!-- .vgblk-rw-wrapper --><\/p>\n","protected":false},"excerpt":{"rendered":"<p>10 to 15 year-old blend. This cognac has been dedicated to G\u00e9n\u00e9ral de Castex, 2-starred general under Napol\u00e9on 1st. Pierre de Castex led a cavalry regiment during Napol\u00e9on&#8217;s Russia campaign in 1813: circled by the Russians, the General saved his men while they built sleds to cross over the frozen river &#8216;Berezina&#8217;. After this feat,&#8230;<\/p>\n","protected":false},"featured_media":990299,"template":"","meta":[],"product_brand":[],"product_cat":[98],"product_tag":[],"class_list":{"0":"post-989064","1":"product","2":"type-product","3":"status-publish","4":"has-post-thumbnail","6":"product_cat-borderies-cognac","8":"first","9":"instock","10":"taxable","11":"shipping-taxable","12":"purchasable","13":"product-type-simple"},"acf":[],"yoast_head":"<!-- This site is optimized with the Yoast SEO plugin v27.4 - https:\/\/yoast.com\/product\/yoast-seo-wordpress\/ -->\n<title>Napol\u00e9on - Giboin Cognac<\/title>\n<meta name=\"robots\" content=\"index, follow, max-snippet:-1, max-image-preview:large, max-video-preview:-1\" \/>\n<link rel=\"canonical\" href=\"https:\/\/giboincognac.com\/en\/boutique\/napoleon\/\" \/>\n<meta property=\"og:locale\" content=\"en_US\" \/>\n<meta property=\"og:type\" content=\"article\" \/>\n<meta property=\"og:title\" content=\"Napol\u00e9on - Giboin Cognac\" \/>\n<meta property=\"og:description\" content=\"10 to 15 year-old blend. This cognac has been dedicated to G\u00e9n\u00e9ral de Castex, 2-starred general under Napol\u00e9on 1st. Pierre de Castex led a cavalry regiment during Napol\u00e9on&#8217;s Russia campaign in 1813: circled by the Russians, the General saved his men while they built sleds to cross over the frozen river &#8216;Berezina&#8217;. After this feat,...\" \/>\n<meta property=\"og:url\" content=\"https:\/\/giboincognac.com\/en\/boutique\/napoleon\/\" \/>\n<meta property=\"og:site_name\" content=\"Giboin Cognac\" \/>\n<meta property=\"article:modified_time\" content=\"2024-12-24T10:57:35+00:00\" \/>\n<meta property=\"og:image\" content=\"https:\/\/giboincognac.com\/wp-content\/uploads\/2023\/11\/Etui-Giboin-Napoleon.png\" \/>\n\t<meta property=\"og:image:width\" content=\"772\" \/>\n\t<meta property=\"og:image:height\" content=\"1000\" \/>\n\t<meta property=\"og:image:type\" content=\"image\/png\" \/>\n<meta name=\"twitter:card\" content=\"summary_large_image\" \/>\n<meta name=\"twitter:label1\" content=\"Est. reading time\" \/>\n\t<meta name=\"twitter:data1\" content=\"1 minute\" \/>\n<script type=\"application\/ld+json\" class=\"yoast-schema-graph\">{\"@context\":\"https:\\\/\\\/schema.org\",\"@graph\":[{\"@type\":\"WebPage\",\"@id\":\"https:\\\/\\\/giboincognac.com\\\/en\\\/boutique\\\/napoleon\\\/\",\"url\":\"https:\\\/\\\/giboincognac.com\\\/en\\\/boutique\\\/napoleon\\\/\",\"name\":\"Napol\u00e9on - Giboin Cognac\",\"isPartOf\":{\"@id\":\"https:\\\/\\\/giboincognac.com\\\/en\\\/#website\"},\"primaryImageOfPage\":{\"@id\":\"https:\\\/\\\/giboincognac.com\\\/en\\\/boutique\\\/napoleon\\\/#primaryimage\"},\"image\":{\"@id\":\"https:\\\/\\\/giboincognac.com\\\/en\\\/boutique\\\/napoleon\\\/#primaryimage\"},\"thumbnailUrl\":\"https:\\\/\\\/giboincognac.com\\\/wp-content\\\/uploads\\\/2023\\\/11\\\/Etui-Giboin-Napoleon.png\",\"datePublished\":\"2021-10-25T16:09:42+00:00\",\"dateModified\":\"2024-12-24T10:57:35+00:00\",\"breadcrumb\":{\"@id\":\"https:\\\/\\\/giboincognac.com\\\/en\\\/boutique\\\/napoleon\\\/#breadcrumb\"},\"inLanguage\":\"en-US\",\"potentialAction\":[{\"@type\":\"ReadAction\",\"target\":[\"https:\\\/\\\/giboincognac.com\\\/en\\\/boutique\\\/napoleon\\\/\"]}]},{\"@type\":\"ImageObject\",\"inLanguage\":\"en-US\",\"@id\":\"https:\\\/\\\/giboincognac.com\\\/en\\\/boutique\\\/napoleon\\\/#primaryimage\",\"url\":\"https:\\\/\\\/giboincognac.com\\\/wp-content\\\/uploads\\\/2023\\\/11\\\/Etui-Giboin-Napoleon.png\",\"contentUrl\":\"https:\\\/\\\/giboincognac.com\\\/wp-content\\\/uploads\\\/2023\\\/11\\\/Etui-Giboin-Napoleon.png\",\"width\":772,\"height\":1000},{\"@type\":\"BreadcrumbList\",\"@id\":\"https:\\\/\\\/giboincognac.com\\\/en\\\/boutique\\\/napoleon\\\/#breadcrumb\",\"itemListElement\":[{\"@type\":\"ListItem\",\"position\":1,\"name\":\"Shop\",\"item\":\"https:\\\/\\\/giboincognac.com\\\/en\\\/shop\\\/\"},{\"@type\":\"ListItem\",\"position\":2,\"name\":\"Napol\u00e9on\"}]},{\"@type\":\"WebSite\",\"@id\":\"https:\\\/\\\/giboincognac.com\\\/en\\\/#website\",\"url\":\"https:\\\/\\\/giboincognac.com\\\/en\\\/\",\"name\":\"Giboin Cognac\",\"description\":\"Producteur de cognac ind\u00e9pendant depuis 1830\",\"publisher\":{\"@id\":\"https:\\\/\\\/giboincognac.com\\\/en\\\/#organization\"},\"potentialAction\":[{\"@type\":\"SearchAction\",\"target\":{\"@type\":\"EntryPoint\",\"urlTemplate\":\"https:\\\/\\\/giboincognac.com\\\/en\\\/?s={search_term_string}\"},\"query-input\":{\"@type\":\"PropertyValueSpecification\",\"valueRequired\":true,\"valueName\":\"search_term_string\"}}],\"inLanguage\":\"en-US\"},{\"@type\":\"Organization\",\"@id\":\"https:\\\/\\\/giboincognac.com\\\/en\\\/#organization\",\"name\":\"Giboin Cognac\",\"url\":\"https:\\\/\\\/giboincognac.com\\\/en\\\/\",\"logo\":{\"@type\":\"ImageObject\",\"inLanguage\":\"en-US\",\"@id\":\"https:\\\/\\\/giboincognac.com\\\/en\\\/#\\\/schema\\\/logo\\\/image\\\/\",\"url\":\"https:\\\/\\\/giboincognac.com\\\/wp-content\\\/uploads\\\/2021\\\/11\\\/logo-social.png\",\"contentUrl\":\"https:\\\/\\\/giboincognac.com\\\/wp-content\\\/uploads\\\/2021\\\/11\\\/logo-social.png\",\"width\":500,\"height\":500,\"caption\":\"Giboin Cognac\"},\"image\":{\"@id\":\"https:\\\/\\\/giboincognac.com\\\/en\\\/#\\\/schema\\\/logo\\\/image\\\/\"}}]}<\/script>\n<!-- \/ Yoast SEO plugin. -->","yoast_head_json":{"title":"Napol\u00e9on - Giboin Cognac","robots":{"index":"index","follow":"follow","max-snippet":"max-snippet:-1","max-image-preview":"max-image-preview:large","max-video-preview":"max-video-preview:-1"},"canonical":"https:\/\/giboincognac.com\/en\/boutique\/napoleon\/","og_locale":"en_US","og_type":"article","og_title":"Napol\u00e9on - Giboin Cognac","og_description":"10 to 15 year-old blend. This cognac has been dedicated to G\u00e9n\u00e9ral de Castex, 2-starred general under Napol\u00e9on 1st. Pierre de Castex led a cavalry regiment during Napol\u00e9on&#8217;s Russia campaign in 1813: circled by the Russians, the General saved his men while they built sleds to cross over the frozen river &#8216;Berezina&#8217;. After this feat,...","og_url":"https:\/\/giboincognac.com\/en\/boutique\/napoleon\/","og_site_name":"Giboin Cognac","article_modified_time":"2024-12-24T10:57:35+00:00","og_image":[{"width":772,"height":1000,"url":"https:\/\/giboincognac.com\/wp-content\/uploads\/2023\/11\/Etui-Giboin-Napoleon.png","type":"image\/png"}],"twitter_card":"summary_large_image","twitter_misc":{"Est. reading time":"1 minute"},"schema":{"@context":"https:\/\/schema.org","@graph":[{"@type":"WebPage","@id":"https:\/\/giboincognac.com\/en\/boutique\/napoleon\/","url":"https:\/\/giboincognac.com\/en\/boutique\/napoleon\/","name":"Napol\u00e9on - Giboin Cognac","isPartOf":{"@id":"https:\/\/giboincognac.com\/en\/#website"},"primaryImageOfPage":{"@id":"https:\/\/giboincognac.com\/en\/boutique\/napoleon\/#primaryimage"},"image":{"@id":"https:\/\/giboincognac.com\/en\/boutique\/napoleon\/#primaryimage"},"thumbnailUrl":"https:\/\/giboincognac.com\/wp-content\/uploads\/2023\/11\/Etui-Giboin-Napoleon.png","datePublished":"2021-10-25T16:09:42+00:00","dateModified":"2024-12-24T10:57:35+00:00","breadcrumb":{"@id":"https:\/\/giboincognac.com\/en\/boutique\/napoleon\/#breadcrumb"},"inLanguage":"en-US","potentialAction":[{"@type":"ReadAction","target":["https:\/\/giboincognac.com\/en\/boutique\/napoleon\/"]}]},{"@type":"ImageObject","inLanguage":"en-US","@id":"https:\/\/giboincognac.com\/en\/boutique\/napoleon\/#primaryimage","url":"https:\/\/giboincognac.com\/wp-content\/uploads\/2023\/11\/Etui-Giboin-Napoleon.png","contentUrl":"https:\/\/giboincognac.com\/wp-content\/uploads\/2023\/11\/Etui-Giboin-Napoleon.png","width":772,"height":1000},{"@type":"BreadcrumbList","@id":"https:\/\/giboincognac.com\/en\/boutique\/napoleon\/#breadcrumb","itemListElement":[{"@type":"ListItem","position":1,"name":"Shop","item":"https:\/\/giboincognac.com\/en\/shop\/"},{"@type":"ListItem","position":2,"name":"Napol\u00e9on"}]},{"@type":"WebSite","@id":"https:\/\/giboincognac.com\/en\/#website","url":"https:\/\/giboincognac.com\/en\/","name":"Giboin Cognac","description":"Producteur de cognac ind\u00e9pendant depuis 1830","publisher":{"@id":"https:\/\/giboincognac.com\/en\/#organization"},"potentialAction":[{"@type":"SearchAction","target":{"@type":"EntryPoint","urlTemplate":"https:\/\/giboincognac.com\/en\/?s={search_term_string}"},"query-input":{"@type":"PropertyValueSpecification","valueRequired":true,"valueName":"search_term_string"}}],"inLanguage":"en-US"},{"@type":"Organization","@id":"https:\/\/giboincognac.com\/en\/#organization","name":"Giboin Cognac","url":"https:\/\/giboincognac.com\/en\/","logo":{"@type":"ImageObject","inLanguage":"en-US","@id":"https:\/\/giboincognac.com\/en\/#\/schema\/logo\/image\/","url":"https:\/\/giboincognac.com\/wp-content\/uploads\/2021\/11\/logo-social.png","contentUrl":"https:\/\/giboincognac.com\/wp-content\/uploads\/2021\/11\/logo-social.png","width":500,"height":500,"caption":"Giboin Cognac"},"image":{"@id":"https:\/\/giboincognac.com\/en\/#\/schema\/logo\/image\/"}}]}},"_links":{"self":[{"href":"https:\/\/giboincognac.com\/en\/wp-json\/wp\/v2\/product\/989064","targetHints":{"allow":["GET"]}}],"collection":[{"href":"https:\/\/giboincognac.com\/en\/wp-json\/wp\/v2\/product"}],"about":[{"href":"https:\/\/giboincognac.com\/en\/wp-json\/wp\/v2\/types\/product"}],"version-history":[{"count":0,"href":"https:\/\/giboincognac.com\/en\/wp-json\/wp\/v2\/product\/989064\/revisions"}],"wp:featuredmedia":[{"embeddable":true,"href":"https:\/\/giboincognac.com\/en\/wp-json\/wp\/v2\/media\/990299"}],"wp:attachment":[{"href":"https:\/\/giboincognac.com\/en\/wp-json\/wp\/v2\/media?parent=989064"}],"wp:term":[{"taxonomy":"product_brand","embeddable":true,"href":"https:\/\/giboincognac.com\/en\/wp-json\/wp\/v2\/product_brand?post=989064"},{"taxonomy":"product_cat","embeddable":true,"href":"https:\/\/giboincognac.com\/en\/wp-json\/wp\/v2\/product_cat?post=989064"},{"taxonomy":"product_tag","embeddable":true,"href":"https:\/\/giboincognac.com\/en\/wp-json\/wp\/v2\/product_tag?post=989064"}],"curies":[{"name":"wp","href":"https:\/\/api.w.org\/{rel}","templated":true}]}}